{"id":5072,"date":"2017-10-21T13:36:32","date_gmt":"2017-10-21T17:36:32","guid":{"rendered":"http:\/\/smartcorp.com\/inventory-managing-and-planning-policy-copy\/"},"modified":"2023-05-05T08:52:57","modified_gmt":"2023-05-05T12:52:57","slug":"epicor-forecasts-official-inventario-demanda-planificacion","status":"publish","type":"page","link":"https:\/\/smartcorp.com\/es\/epicor-forecasts-official-inventario-demanda-planificacion\/","title":{"rendered":"Planeaci\u00f3n de demanda de inventario oficial de Epicor Forecasts"},"content":{"rendered":"<p>[et_pb_section fb_built=&#8221;1&#8243; admin_label=&#8221;section&#8221; _builder_version=&#8221;4.16&#8243; custom_margin=&#8221;0px||0px||false|false&#8221; custom_padding=&#8221;0px||0px||false|false&#8221; global_colors_info=&#8221;{}&#8221;][et_pb_row admin_label=&#8221;row&#8221; _builder_version=&#8221;4.16&#8243; background_size=&#8221;initial&#8221; background_position=&#8221;top_left&#8221; background_repeat=&#8221;repeat&#8221; min_height=&#8221;100%&#8221; global_colors_info=&#8221;{}&#8221;][et_pb_column type=&#8221;4_4&#8243; _builder_version=&#8221;4.16&#8243; custom_padding=&#8221;|||&#8221; global_colors_info=&#8221;{}&#8221; custom_padding__hover=&#8221;|||&#8221;][et_pb_text _builder_version=&#8221;4.16&#8243; header_2_font=&#8221;Open Sans|600|||||||&#8221; header_2_text_color=&#8221;#0eb9ed&#8221; header_2_font_size=&#8221;16px&#8221; header_2_line_height=&#8221;1.2em&#8221; header_3_font=&#8221;Open Sans||||||||&#8221; header_3_text_color=&#8221;#c4c4c4&#8243; header_3_font_size=&#8221;10px&#8221; header_3_line_height=&#8221;1.5em&#8221; background_size=&#8221;initial&#8221; background_position=&#8221;top_left&#8221; background_repeat=&#8221;repeat&#8221; custom_margin=&#8221;0px||0px||false|false&#8221; custom_padding=&#8221;0px||0px||false|false&#8221; z_index_tablet=&#8221;500&#8243; text_text_shadow_horizontal_length_tablet=&#8221;0px&#8221; text_text_shadow_vertical_length_tablet=&#8221;0px&#8221; text_text_shadow_blur_strength_tablet=&#8221;1px&#8221; link_text_shadow_horizontal_length_tablet=&#8221;0px&#8221; link_text_shadow_vertical_length_tablet=&#8221;0px&#8221; link_text_shadow_blur_strength_tablet=&#8221;1px&#8221; ul_text_shadow_horizontal_length_tablet=&#8221;0px&#8221; ul_text_shadow_vertical_length_tablet=&#8221;0px&#8221; ul_text_shadow_blur_strength_tablet=&#8221;1px&#8221; ol_text_shadow_horizontal_length_tablet=&#8221;0px&#8221; ol_text_shadow_vertical_length_tablet=&#8221;0px&#8221; ol_text_shadow_blur_strength_tablet=&#8221;1px&#8221; quote_text_shadow_horizontal_length_tablet=&#8221;0px&#8221; quote_text_shadow_vertical_length_tablet=&#8221;0px&#8221; quote_text_shadow_blur_strength_tablet=&#8221;1px&#8221; header_text_shadow_horizontal_length_tablet=&#8221;0px&#8221; header_text_shadow_vertical_length_tablet=&#8221;0px&#8221; header_text_shadow_blur_strength_tablet=&#8221;1px&#8221; header_2_text_shadow_horizontal_length_tablet=&#8221;0px&#8221; header_2_text_shadow_vertical_length_tablet=&#8221;0px&#8221; header_2_text_shadow_blur_strength_tablet=&#8221;1px&#8221; header_3_text_shadow_horizontal_length_tablet=&#8221;0px&#8221; header_3_text_shadow_vertical_length_tablet=&#8221;0px&#8221; header_3_text_shadow_blur_strength_tablet=&#8221;1px&#8221; header_4_text_shadow_horizontal_length_tablet=&#8221;0px&#8221; header_4_text_shadow_vertical_length_tablet=&#8221;0px&#8221; header_4_text_shadow_blur_strength_tablet=&#8221;1px&#8221; header_5_text_shadow_horizontal_length_tablet=&#8221;0px&#8221; header_5_text_shadow_vertical_length_tablet=&#8221;0px&#8221; header_5_text_shadow_blur_strength_tablet=&#8221;1px&#8221; header_6_text_shadow_horizontal_length_tablet=&#8221;0px&#8221; header_6_text_shadow_vertical_length_tablet=&#8221;0px&#8221; header_6_text_shadow_blur_strength_tablet=&#8221;1px&#8221; box_shadow_horizontal_tablet=&#8221;0px&#8221; box_shadow_vertical_tablet=&#8221;0px&#8221; box_shadow_blur_tablet=&#8221;40px&#8221; box_shadow_spread_tablet=&#8221;0px&#8221; use_border_color=&#8221;off&#8221; global_colors_info=&#8221;{}&#8221;]<\/p>\n<h2>Epicor Smart IP&amp;O es una plataforma en la nube impulsada por pron\u00f3stico probabil\u00edstico, aprendizaje autom\u00e1tico y an\u00e1lisis avanzado que lo ayuda a tomar mejores y m\u00e1s r\u00e1pidas decisiones de planificaci\u00f3n de inventario y funciona como una extensi\u00f3n transparente de Epicor ERP. Smart Software es un socio platino de Epicor, la designaci\u00f3n m\u00e1s alta en el Programa de socios ISV, est\u00e1 completamente integrado con Epicor y es un producto con soporte oficial.\u00a0<\/h2>\n<p>[\/et_pb_text][et_pb_code _builder_version=&#8221;4.16&#8243; background_color=&#8221;#ffffff&#8221; custom_margin=&#8221;0px||0px||false|false&#8221; custom_padding=&#8221;0px||0px||false|false&#8221; saved_tabs=&#8221;all&#8221; global_colors_info=&#8221;{}&#8221;]<iframe loading=\"lazy\" class=\"embeddedObject shadow resizable\" name=\"embedded_content\" scrolling=\"no\" frameborder=\"0\" type=\"text\/html\" style=\"overflow:hidden;\" src=\"https:\/\/www.screencast.com\/users\/greg.hartunian\/folders\/Epicor\/media\/dfff2c8b-d6d8-469d-b30a-835ad234fb50\/embed\" width=\"100%\" height=\"330px\" webkitallowfullscreen mozallowfullscreen allowfullscreen><\/iframe>[\/et_pb_code][\/et_pb_column][\/et_pb_row][\/et_pb_section][et_pb_section fb_built=&#8221;1&#8243; custom_padding_last_edited=&#8221;on|desktop&#8221; admin_label=&#8221;section&#8221; module_id=&#8221;contact&#8221; _builder_version=&#8221;4.16&#8243; background_color=&#8221;#444444&#8243; custom_padding_tablet=&#8221;50px|0|50px|0&#8243; custom_padding_phone=&#8221;&#8221; transparent_background=&#8221;off&#8221; padding_mobile=&#8221;off&#8221; make_fullwidth=&#8221;off&#8221; use_custom_width=&#8221;off&#8221; width_unit=&#8221;on&#8221; global_colors_info=&#8221;{}&#8221; locked=&#8221;off&#8221;][et_pb_row admin_label=&#8221;row&#8221; _builder_version=&#8221;4.16&#8243; background_size=&#8221;initial&#8221; background_position=&#8221;top_left&#8221; background_repeat=&#8221;repeat&#8221; global_colors_info=&#8221;{}&#8221;][et_pb_column type=&#8221;4_4&#8243; _builder_version=&#8221;4.16&#8243; custom_padding=&#8221;|||&#8221; global_colors_info=&#8221;{}&#8221; custom_padding__hover=&#8221;|||&#8221;][et_pb_text _builder_version=&#8221;4.16&#8243; background_size=&#8221;initial&#8221; background_position=&#8221;top_left&#8221; background_repeat=&#8221;repeat&#8221; text_orientation=&#8221;center&#8221; background_layout=&#8221;dark&#8221; module_alignment=&#8221;center&#8221; custom_margin=&#8221;0px||0px||false|false&#8221; custom_padding=&#8221;0px||0px||false|false&#8221; use_border_color=&#8221;off&#8221; global_colors_info=&#8221;{}&#8221;]<\/p>\n<h5 class=\"as-h1s\">Cont\u00e1ctanos hoy para m\u00e1s informaci\u00f3n<\/h5>\n<p>Smart Software es un socio platino de Epicor, la designaci\u00f3n m\u00e1s alta en el programa de socios ISV. Epicor tiene un acuerdo con Smart Software que est\u00e1 completamente integrado con Epicor y es un producto con soporte oficial. Planeaci\u00f3n de demanda de inventario oficial de Epicor Forecasts <a href=\"https:\/\/www.epicor.com\/en-us\/partners\/alliance-isv-partner\/epicor-smart-inventory-planning-and-optimization\">Visite el sitio oficial aqu\u00ed<\/a><\/p>\n<p>[\/et_pb_text][et_pb_text admin_label=\u201dForma de demostraci\u00f3n horizontal div\u201d _builder_version=\u201d4.19.4\u2033 background_size=\u201dinitial\u201d background_position=\u201dtop_left\u201d background_repeat=\u201drepetir\u201d background_layout=\u201doscuro\u201d use_border_color=\u201doff\u201d border_color=\u201d#ffffff \u201d border_style=\u201dsolid\u201d global_module=\u201d117\u2033 Saved_tabs=\u201dall\u201d global_colors_info=\u201d{}\u201d]<\/p>\n\n<div class=\"wpcf7 no-js\" id=\"wpcf7-f133-o1\" lang=\"en-US\" dir=\"ltr\" data-wpcf7-id=\"133\">\n<div class=\"screen-reader-response\"><p role=\"status\" aria-live=\"polite\" aria-atomic=\"true\"><\/p> <ul><\/ul><\/div>\n<form action=\"\/es\/wp-json\/wp\/v2\/pages\/5072#wpcf7-f133-o1\" method=\"post\" class=\"wpcf7-form init\" aria-label=\"Formulario de contacto\" novalidate=\"novalidate\" data-status=\"init\" data-trp-original-action=\"\/es\/wp-json\/wp\/v2\/pages\/5072#wpcf7-f133-o1\">\n<fieldset class=\"hidden-fields-container\"><input type=\"hidden\" name=\"_wpcf7\" value=\"133\" \/><input type=\"hidden\" name=\"_wpcf7_version\" value=\"6.1.5\" \/><input type=\"hidden\" name=\"_wpcf7_locale\" value=\"en_US\" \/><input type=\"hidden\" name=\"_wpcf7_unit_tag\" value=\"wpcf7-f133-o1\" \/><input type=\"hidden\" name=\"_wpcf7_container_post\" value=\"0\" \/><input type=\"hidden\" name=\"_wpcf7_posted_data_hash\" value=\"\" \/><input type=\"hidden\" name=\"_wpcf7_recaptcha_response\" value=\"\" \/>\n<\/fieldset>\n<div class=\"smartdemoform\">\n\t<p><br \/>\nNombre *\n\t<\/p>\n\t<p><span class=\"wpcf7-form-control-wrap\" data-name=\"your-name\"><input size=\"40\" maxlength=\"400\" class=\"wpcf7-form-control wpcf7-text wpcf7-validates-as-required\" aria-required=\"true\" aria-invalid=\"false\" value=\"\" type=\"text\" name=\"your-name\" \/><\/span>\n\t<\/p>\n<\/div>\n<div class=\"smartdemoform\">\n\t<p><br \/>\nT\u00edtulo profesional *\n\t<\/p>\n\t<p><span class=\"wpcf7-form-control-wrap\" data-name=\"title\"><input size=\"40\" maxlength=\"400\" class=\"wpcf7-form-control wpcf7-text wpcf7-validates-as-required\" aria-required=\"true\" aria-invalid=\"false\" value=\"\" type=\"text\" name=\"title\" \/><\/span>\n\t<\/p>\n<\/div>\n<div class=\"smartdemoform\">\n\t<p><br \/>\nCompa\u00f1\u00eda *\n\t<\/p>\n\t<p><span class=\"wpcf7-form-control-wrap\" data-name=\"company\"><input size=\"40\" maxlength=\"400\" class=\"wpcf7-form-control wpcf7-text wpcf7-validates-as-required\" aria-required=\"true\" aria-invalid=\"false\" value=\"\" type=\"text\" name=\"company\" \/><\/span>\n\t<\/p>\n<\/div>\n<div class=\"smartdemoform\">\n\t<p><br \/>\nCorreo electr\u00f3nico laboral*\n\t<\/p>\n\t<p><span class=\"wpcf7-form-control-wrap\" data-name=\"your-email\"><input size=\"40\" maxlength=\"400\" class=\"wpcf7-form-control wpcf7-email wpcf7-validates-as-required wpcf7-text wpcf7-validates-as-email\" aria-required=\"true\" aria-invalid=\"false\" value=\"\" type=\"email\" name=\"your-email\" \/><\/span>\n\t<\/p>\n<\/div>\n<div class=\"smartdemoform\">\n\t<p><br \/>\nTel\u00e9fono *\n\t<\/p>\n\t<p><span class=\"wpcf7-form-control-wrap\" data-name=\"tel-295\"><input size=\"40\" maxlength=\"400\" class=\"wpcf7-form-control wpcf7-tel wpcf7-validates-as-required wpcf7-text wpcf7-validates-as-tel\" aria-required=\"true\" aria-invalid=\"false\" value=\"\" type=\"tel\" name=\"tel-295\" \/><\/span>\n\t<\/p>\n<\/div>\n<div class=\"smartdemoform\">\n\t<p><br \/>\n<span class=\"wpcf7-form-control-wrap\" data-name=\"moreinfo\"><span class=\"wpcf7-form-control wpcf7-checkbox\"><span class=\"wpcf7-list-item first last\"><input type=\"checkbox\" name=\"moreinfo[]\" value=\"Send me more information\" checked=\"checked\" \/><span class=\"wpcf7-list-item-label\">Env\u00edame m\u00e1s informaci\u00f3n<\/span><\/span><\/span><\/span><br \/>\n<span class=\"wpcf7-form-control-wrap\" data-name=\"demoreq\"><span class=\"wpcf7-form-control wpcf7-checkbox\"><span class=\"wpcf7-list-item first last\"><input type=\"checkbox\" name=\"demoreq[]\" value=\"Schedule my free demo\" \/><span class=\"wpcf7-list-item-label\">Programar mi demostraci\u00f3n gratuita<\/span><\/span><\/span><\/span>\n\t<\/p>\n<\/div>\n<div class=\"smartdemoform\" style=\"height:1px;\">\n\t<p>&nbsp;\n\t<\/p>\n<\/div>\n<div class=\"smartdemoform\">\n\t<p style=\"text-align: center;\"><br \/>\n<input class=\"wpcf7-form-control wpcf7-submit has-spinner\" type=\"submit\" value=\"Enviar\" \/>\n\t<\/p>\n<\/div>\n<div class=\"smartdemoform\">\n<div class=\"wpcf7-response-output\" aria-hidden=\"true\"><\/div>\n<\/div>\n<div style=\"clear: both;\">\n<\/div>\n<p><script>\ndocument.addEventListener( 'wpcf7mailsent', function( event ) {\n location = 'https:\/\/smartcorp.com\/thank_you_business\/';\n}, false );\n<\/script>\n<\/p><p style=\"display: none !important;\" class=\"akismet-fields-container\" data-prefix=\"_wpcf7_ak_\"><label>&#916;<textarea name=\"_wpcf7_ak_hp_textarea\" cols=\"45\" rows=\"8\" maxlength=\"100\"><\/textarea><\/label><input type=\"hidden\" id=\"ak_js_1\" name=\"_wpcf7_ak_js\" value=\"136\"\/><script>document.getElementById( \"ak_js_1\" ).setAttribute( \"value\", ( new Date() ).getTime() );<\/script><\/p>\n<input type=\"hidden\" name=\"trp-form-language\" value=\"es\"\/><\/form>\n<\/div>\n\n<p>[\/et_pb_text][et_pb_text _builder_version=&#8221;4.16&#8243; header_text_color=&#8221;#ffffff&#8221; header_2_text_color=&#8221;#ffffff&#8221; header_3_text_color=&#8221;#ffffff&#8221; header_6_font=&#8221;Open Sans||||||||&#8221; header_6_text_color=&#8221;#515151&#8243; background_size=&#8221;initial&#8221; background_position=&#8221;top_left&#8221; background_repeat=&#8221;repeat&#8221; text_orientation=&#8221;center&#8221; background_layout=&#8221;dark&#8221; module_alignment=&#8221;center&#8221; custom_margin=&#8221;0px||0px||false|false&#8221; custom_padding=&#8221;0px||0px||false|false&#8221; use_border_color=&#8221;off&#8221; global_colors_info=&#8221;{}&#8221;]<\/p>\n<h6 style=\"text-align: center;\"><strong>Planeaci\u00f3n y Pron\u00f3stico con Epicor.\u00a0<\/strong><\/h6>\n<h6 style=\"text-align: center;\"><span style=\"color: #666666; font-size: 14px;\">\u00danase a nuestro seminario web con Greg Hartunian, director ejecutivo de Smart Software. Greg explicar\u00e1 c\u00f3mo Smart IP&amp;O aprovecha sus datos transaccionales para modelar autom\u00e1ticamente el rendimiento del inventario, establecer controladores de pol\u00edticas de inventario \u00f3ptimos y devolverlos a Epicor para impulsar el reabastecimiento. Descubra c\u00f3mo Smart IP&amp;O empoderar\u00e1 a su equipo de planificaci\u00f3n para reducir el inventario, mejorar los niveles de servicio y aumentar la eficiencia operativa.<\/span><\/h6>\n<p>[\/et_pb_text][\/et_pb_column][\/et_pb_row][\/et_pb_section]<\/p>","protected":false},"excerpt":{"rendered":"<p>Planeaci\u00f3n de demanda de inventario oficial de Epicor Forecasts  <\/p>","protected":false},"author":34,"featured_media":5074,"parent":0,"menu_order":0,"comment_status":"closed","ping_status":"closed","template":"","meta":{"_et_pb_use_builder":"on","_et_pb_old_content":"<p>We are often asked what the difference is between these two important performance metrics. While they are both important for measuring how successful a business is in meeting demand, their meaning is very different. \u00a0If not understood and incorporated into the strategic inventory planning process, inventory will be inefficiently allocated resulting in lower\u00a0customer service and higher carrying costs.\u00a0\u00a0We've illustrated the difference in this 4 minute recording using Microsoft Excel.<\/p><p>[video width=\"1280\" height=\"682\" mp4=\"https:\/\/smartcorp.com\/wp-content\/uploads\/2016\/09\/Service-Level-vs-Fill-Rate.mp4\"][\/video]<\/p><p>Smart Operational Analytics automatically calculate historical service levels & fill rates across any item.\u00a0 Summary reports provide overall and item specific performance with comparisons to historical inventory values.\u00a0\u00a0<\/p><p>\u00a0<\/p>","_et_gb_content_width":"","content-type":"","footnotes":""},"class_list":["post-5072","page","type-page","status-publish","has-post-thumbnail","hentry"],"yoast_head":"<!-- This site is optimized with the Yoast SEO plugin v25.6 - https:\/\/yoast.com\/wordpress\/plugins\/seo\/ -->\n<title>Epicor Forecasts Official Inventory and Demand Planning - Management<\/title>\n<meta name=\"description\" content=\"Epicor Smart IP&amp;O is an integrated set of Official Inventory and Demand Planning applications that improves forecast accuracy\" \/>\n<meta name=\"robots\" content=\"index, follow, max-snippet:-1, max-image-preview:large, max-video-preview:-1\" \/>\n<link rel=\"canonical\" href=\"https:\/\/smartcorp.com\/es\/epicor-forecasts-official-inventario-demanda-planificacion\/\" \/>\n<meta property=\"og:locale\" content=\"es_ES\" \/>\n<meta property=\"og:type\" content=\"article\" \/>\n<meta property=\"og:title\" content=\"Epicor Forecasts Official Inventory and Demand Planning - Management\" \/>\n<meta property=\"og:description\" content=\"Epicor Smart IP&amp;O is an integrated set of Official Inventory and Demand Planning applications that improves forecast accuracy\" \/>\n<meta property=\"og:url\" content=\"https:\/\/smartcorp.com\/es\/epicor-forecasts-official-inventario-demanda-planificacion\/\" \/>\n<meta property=\"og:site_name\" content=\"Smart Software\" \/>\n<meta property=\"article:modified_time\" content=\"2023-05-05T12:52:57+00:00\" \/>\n<meta property=\"og:image\" content=\"https:\/\/smartcorp.com\/wp-content\/uploads\/2020\/10\/Epicor-Smart-Inventory-Planning-and-Optimization-.jpg\" \/>\n\t<meta property=\"og:image:width\" content=\"1230\" \/>\n\t<meta property=\"og:image:height\" content=\"700\" \/>\n\t<meta property=\"og:image:type\" content=\"image\/jpeg\" \/>\n<meta name=\"twitter:card\" content=\"summary_large_image\" \/>\n<meta name=\"twitter:label1\" content=\"Tiempo de lectura\" \/>\n\t<meta name=\"twitter:data1\" content=\"2 minutos\" \/>\n<script type=\"application\/ld+json\" class=\"yoast-schema-graph\">{\"@context\":\"https:\/\/schema.org\",\"@graph\":[{\"@type\":\"WebPage\",\"@id\":\"https:\/\/smartcorp.com\/epicor-forecasts-official-inventory-demand-planning\/\",\"url\":\"https:\/\/smartcorp.com\/epicor-forecasts-official-inventory-demand-planning\/\",\"name\":\"Epicor Forecasts Official Inventory and Demand Planning - Management\",\"isPartOf\":{\"@id\":\"https:\/\/smartcorp.com\/#website\"},\"primaryImageOfPage\":{\"@id\":\"https:\/\/smartcorp.com\/epicor-forecasts-official-inventory-demand-planning\/#primaryimage\"},\"image\":{\"@id\":\"https:\/\/smartcorp.com\/epicor-forecasts-official-inventory-demand-planning\/#primaryimage\"},\"thumbnailUrl\":\"https:\/\/smartcorp.com\/wp-content\/uploads\/2020\/10\/Epicor-Smart-Inventory-Planning-and-Optimization-.jpg\",\"datePublished\":\"2017-10-21T17:36:32+00:00\",\"dateModified\":\"2023-05-05T12:52:57+00:00\",\"description\":\"Epicor Smart IP&O is an integrated set of Official Inventory and Demand Planning applications that improves forecast accuracy\",\"breadcrumb\":{\"@id\":\"https:\/\/smartcorp.com\/epicor-forecasts-official-inventory-demand-planning\/#breadcrumb\"},\"inLanguage\":\"es\",\"potentialAction\":[{\"@type\":\"ReadAction\",\"target\":[\"https:\/\/smartcorp.com\/epicor-forecasts-official-inventory-demand-planning\/\"]}]},{\"@type\":\"ImageObject\",\"inLanguage\":\"es\",\"@id\":\"https:\/\/smartcorp.com\/epicor-forecasts-official-inventory-demand-planning\/#primaryimage\",\"url\":\"https:\/\/smartcorp.com\/wp-content\/uploads\/2020\/10\/Epicor-Smart-Inventory-Planning-and-Optimization-.jpg\",\"contentUrl\":\"https:\/\/smartcorp.com\/wp-content\/uploads\/2020\/10\/Epicor-Smart-Inventory-Planning-and-Optimization-.jpg\",\"width\":1230,\"height\":700,\"caption\":\"Epicor Official Forecasts Inventory Planning\"},{\"@type\":\"BreadcrumbList\",\"@id\":\"https:\/\/smartcorp.com\/epicor-forecasts-official-inventory-demand-planning\/#breadcrumb\",\"itemListElement\":[{\"@type\":\"ListItem\",\"position\":1,\"name\":\"Home\",\"item\":\"https:\/\/smartcorp.com\/\"},{\"@type\":\"ListItem\",\"position\":2,\"name\":\"Epicor Forecasts Official Inventory Demand Planning\"}]},{\"@type\":\"WebSite\",\"@id\":\"https:\/\/smartcorp.com\/#website\",\"url\":\"https:\/\/smartcorp.com\/\",\"name\":\"Smart Software\",\"description\":\"Inventory planning, demand forecasting and supply chain optimization for Manufacturers Distributors and MRO\",\"publisher\":{\"@id\":\"https:\/\/smartcorp.com\/#organization\"},\"potentialAction\":[{\"@type\":\"SearchAction\",\"target\":{\"@type\":\"EntryPoint\",\"urlTemplate\":\"https:\/\/smartcorp.com\/?s={search_term_string}\"},\"query-input\":{\"@type\":\"PropertyValueSpecification\",\"valueRequired\":true,\"valueName\":\"search_term_string\"}}],\"inLanguage\":\"es\"},{\"@type\":\"Organization\",\"@id\":\"https:\/\/smartcorp.com\/#organization\",\"name\":\"Smart Software Inc.\",\"url\":\"https:\/\/smartcorp.com\/\",\"logo\":{\"@type\":\"ImageObject\",\"inLanguage\":\"es\",\"@id\":\"https:\/\/smartcorp.com\/#\/schema\/logo\/image\/\",\"url\":\"https:\/\/smartcorp.com\/wp-content\/uploads\/2022\/07\/GEN2-LOGO-SMART-without-background.png\",\"contentUrl\":\"https:\/\/smartcorp.com\/wp-content\/uploads\/2022\/07\/GEN2-LOGO-SMART-without-background.png\",\"width\":1500,\"height\":470,\"caption\":\"Smart Software Inc.\"},\"image\":{\"@id\":\"https:\/\/smartcorp.com\/#\/schema\/logo\/image\/\"}}]}<\/script>\n<!-- \/ Yoast SEO plugin. -->","yoast_head_json":{"title":"Epicor Forecasts Inventario Oficial y Planificaci\u00f3n de la Demanda - Gesti\u00f3n","description":"Epicor Smart IP&amp;O es un conjunto integrado de aplicaciones de inventario oficial y planificaci\u00f3n de la demanda que mejora la precisi\u00f3n de los pron\u00f3sticos","robots":{"index":"index","follow":"follow","max-snippet":"max-snippet:-1","max-image-preview":"max-image-preview:large","max-video-preview":"max-video-preview:-1"},"canonical":"https:\/\/smartcorp.com\/es\/epicor-forecasts-official-inventario-demanda-planificacion\/","og_locale":"es_ES","og_type":"article","og_title":"Epicor Forecasts Official Inventory and Demand Planning - Management","og_description":"Epicor Smart IP&O is an integrated set of Official Inventory and Demand Planning applications that improves forecast accuracy","og_url":"https:\/\/smartcorp.com\/es\/epicor-forecasts-official-inventario-demanda-planificacion\/","og_site_name":"Smart Software","article_modified_time":"2023-05-05T12:52:57+00:00","og_image":[{"width":1230,"height":700,"url":"https:\/\/smartcorp.com\/wp-content\/uploads\/2020\/10\/Epicor-Smart-Inventory-Planning-and-Optimization-.jpg","type":"image\/jpeg"}],"twitter_card":"summary_large_image","twitter_misc":{"Tiempo de lectura":"2 minutos"},"schema":{"@context":"https:\/\/schema.org","@graph":[{"@type":"WebPage","@id":"https:\/\/smartcorp.com\/epicor-forecasts-official-inventory-demand-planning\/","url":"https:\/\/smartcorp.com\/epicor-forecasts-official-inventory-demand-planning\/","name":"Epicor Forecasts Inventario Oficial y Planificaci\u00f3n de la Demanda - Gesti\u00f3n","isPartOf":{"@id":"https:\/\/smartcorp.com\/#website"},"primaryImageOfPage":{"@id":"https:\/\/smartcorp.com\/epicor-forecasts-official-inventory-demand-planning\/#primaryimage"},"image":{"@id":"https:\/\/smartcorp.com\/epicor-forecasts-official-inventory-demand-planning\/#primaryimage"},"thumbnailUrl":"https:\/\/smartcorp.com\/wp-content\/uploads\/2020\/10\/Epicor-Smart-Inventory-Planning-and-Optimization-.jpg","datePublished":"2017-10-21T17:36:32+00:00","dateModified":"2023-05-05T12:52:57+00:00","description":"Epicor Smart IP&amp;O es un conjunto integrado de aplicaciones de inventario oficial y planificaci\u00f3n de la demanda que mejora la precisi\u00f3n de los pron\u00f3sticos","breadcrumb":{"@id":"https:\/\/smartcorp.com\/epicor-forecasts-official-inventory-demand-planning\/#breadcrumb"},"inLanguage":"es","potentialAction":[{"@type":"ReadAction","target":["https:\/\/smartcorp.com\/epicor-forecasts-official-inventory-demand-planning\/"]}]},{"@type":"ImageObject","inLanguage":"es","@id":"https:\/\/smartcorp.com\/epicor-forecasts-official-inventory-demand-planning\/#primaryimage","url":"https:\/\/smartcorp.com\/wp-content\/uploads\/2020\/10\/Epicor-Smart-Inventory-Planning-and-Optimization-.jpg","contentUrl":"https:\/\/smartcorp.com\/wp-content\/uploads\/2020\/10\/Epicor-Smart-Inventory-Planning-and-Optimization-.jpg","width":1230,"height":700,"caption":"Epicor Official Forecasts Inventory Planning"},{"@type":"BreadcrumbList","@id":"https:\/\/smartcorp.com\/epicor-forecasts-official-inventory-demand-planning\/#breadcrumb","itemListElement":[{"@type":"ListItem","position":1,"name":"Home","item":"https:\/\/smartcorp.com\/"},{"@type":"ListItem","position":2,"name":"Epicor Forecasts Official Inventory Demand Planning"}]},{"@type":"WebSite","@id":"https:\/\/smartcorp.com\/#website","url":"https:\/\/smartcorp.com\/","name":"En la planificaci\u00f3n de la demanda y el inventario","description":"Planificaci\u00f3n de inventario, previsi\u00f3n de demanda y optimizaci\u00f3n de la cadena de suministro para fabricantes, distribuidores y MRO","publisher":{"@id":"https:\/\/smartcorp.com\/#organization"},"potentialAction":[{"@type":"SearchAction","target":{"@type":"EntryPoint","urlTemplate":"https:\/\/smartcorp.com\/?s={search_term_string}"},"query-input":{"@type":"PropertyValueSpecification","valueRequired":true,"valueName":"search_term_string"}}],"inLanguage":"es"},{"@type":"Organization","@id":"https:\/\/smartcorp.com\/#organization","name":"software inteligente inc.","url":"https:\/\/smartcorp.com\/","logo":{"@type":"ImageObject","inLanguage":"es","@id":"https:\/\/smartcorp.com\/#\/schema\/logo\/image\/","url":"https:\/\/smartcorp.com\/wp-content\/uploads\/2022\/07\/GEN2-LOGO-SMART-without-background.png","contentUrl":"https:\/\/smartcorp.com\/wp-content\/uploads\/2022\/07\/GEN2-LOGO-SMART-without-background.png","width":1500,"height":470,"caption":"Smart Software Inc."},"image":{"@id":"https:\/\/smartcorp.com\/#\/schema\/logo\/image\/"}}]}},"_links":{"self":[{"href":"https:\/\/smartcorp.com\/es\/wp-json\/wp\/v2\/pages\/5072","targetHints":{"allow":["GET"]}}],"collection":[{"href":"https:\/\/smartcorp.com\/es\/wp-json\/wp\/v2\/pages"}],"about":[{"href":"https:\/\/smartcorp.com\/es\/wp-json\/wp\/v2\/types\/page"}],"author":[{"embeddable":true,"href":"https:\/\/smartcorp.com\/es\/wp-json\/wp\/v2\/users\/34"}],"replies":[{"embeddable":true,"href":"https:\/\/smartcorp.com\/es\/wp-json\/wp\/v2\/comments?post=5072"}],"version-history":[{"count":0,"href":"https:\/\/smartcorp.com\/es\/wp-json\/wp\/v2\/pages\/5072\/revisions"}],"wp:featuredmedia":[{"embeddable":true,"href":"https:\/\/smartcorp.com\/es\/wp-json\/wp\/v2\/media\/5074"}],"wp:attachment":[{"href":"https:\/\/smartcorp.com\/es\/wp-json\/wp\/v2\/media?parent=5072"}],"curies":[{"name":"wp","href":"https:\/\/api.w.org\/{rel}","templated":true}]}}