{"id":2333,"date":"2018-04-06T09:12:57","date_gmt":"2018-04-06T13:12:57","guid":{"rendered":"http:\/\/smartcorp.com\/service-level-vs-fill-rate-copy\/"},"modified":"2020-08-06T10:25:16","modified_gmt":"2020-08-06T14:25:16","slug":"video-explicativo-de-la-pagina-de-aterrizaje","status":"publish","type":"page","link":"https:\/\/smartcorp.com\/es\/video-explicativo-de-la-pagina-de-aterrizaje\/","title":{"rendered":"V\u00eddeo explicativo de la p\u00e1gina de destino"},"content":{"rendered":"<p>[et_pb_section fb_built=\u201d1\u2033 admin_label=\u201dsection\u201d _builder_version=\u201d3.22\u2033][et_pb_row admin_label=\u201drow\u201d _builder_version=\u201d3.25\u2033 background_size=\u201dinitial\u201d background_position=\u201dtop_left\u201d background_repeat=\u201drepeat\u201d][et_pb_column type= \u201d4_4\u2033 _builder_version=\u201d3.0.47\u2033 custom_padding=\u201d|||\u201d custom_padding__hover=\u201d|||\u201d][et_pb_text _builder_version=\u201d4.5.3\u2033 background_size=\u201dinitial\u201d background_position=\u201dtop_left\u201d background_repeat=\u201drepeat\u201d hover_enabled=\u201d0\u2033 z_index_tablet=\u201d500\u2033 text_text_shadow_horizontal_length_tablet=\u201d0px\u201d text_text_shadow_vertical_length_tablet=\u201d 0px\u201d text_text_shadow_blur_strength_tablet=\u201d1px\u201d link_text_shadow_horizontal_length_tablet=\u201d0px\u201d link_text_shadow_vertical_length_tablet=\u201d0px\u201d link_text_shadow_blur_strength_tablet=\u201d1px\u201d ul_text_shadow_horizontal_length_tablet=\u201d0px\u201d ul_text_shadow_vertical_length_tablet=\u201d0px\u201d ul_text_shadow_blur_strength_tablet=\u201d1px\u201d ol_text_shadow_horizontal_length_tablet=\u201d0px\u201d ol_text_shadow_vertical_length_tablet=\u201d0px\u201d ol_text_shadow_blur_strength_tablet=\u201d 1px\u201d quote_text_shadow_horizontal_length_tablet=\u201d0px\u201d quote_text_shadow_vertical_length_tablet=\u201d0px\u201d quote_text_shadow_blur_strength_tablet=\u201d1px\u201d header_text_shadow_horizontal_length_tablet=\u201d0px\u201d header_text_shadow_vertical_length_tablet=\u201d0px\u201d header_text_shadow_blur_strength_ tablet=\u201d1px\u201d header_2_text_shadow_horizontal_length_tablet=\u201d0px\u201d header_2_text_shadow_vertical_length_tablet=\u201d0px\u201d header_2_text_shadow_blur_strength_tablet=\u201d1px\u201d header_3_text_shadow_horizontal_length_tablet=\u201d0px\u201d header_3_text_shadow_vertical_length_tablet=\u201d0px\u201d header_3_text_shadow_blur_strength_tablet=\u201d1px\u201d header_4_text_shadow_horizontal_length_tablet=\u201d0px\u201d header_4_text_shadow_vertical_length_tablet=\u201d0px\u201d header_4_text_shadow_blur_strength_tablet=\u201d1px\u201d header_5_text_shadow_horizontal_length_tablet=\u201d0px\u201d header_5_text_shadow_vertical_length_tablet=\u201d0px\u201d header_5_text_shadow_blur_strength_tablet=\u201d1px\u201d header_6_text_shadow_horizontal_length_tablet=\u201d0px\u201d header_6_text_shadow_vertical_length_tablet=\u201d0px\u201d header_6_text_shadow_blur_strength_tablet=\u201d1px\u201d box_shadow_horizontal_tablet=\u201d0px\u201d box_shadow_vertical_tablet=\u201d0px\u201d box_shadow_blur_tablet=\u201d40px\u201d box_shadow_spread_tablet=\u201d0px\u201d use_border_color=\u201dapagado\u201d]<\/p>\n<h1 style=\"text-align: left;\">\u00a0Descripci\u00f3n general de optimizaci\u00f3n y planificaci\u00f3n de inventario inteligente<\/h1>\n<div style=\"width: 1080px;\" class=\"wp-video\"><video class=\"wp-video-shortcode\" id=\"video-2333-1\" width=\"1080\" height=\"608\" poster=\"https:\/\/smartcorp.com\/wp-content\/uploads\/2019\/08\/Smart-Software-Inventory-Demand-Forecasting-Intro.jpg\" preload=\"metadata\" controls=\"controls\"><source type=\"video\/mp4\" src=\"https:\/\/smartcorp.com\/wp-content\/uploads\/2019\/08\/Smart_Software_Explainer_2020-2021-2022.mp4?_=1\" \/><a href=\"https:\/\/smartcorp.com\/wp-content\/uploads\/2019\/08\/Smart_Software_Explainer_2020-2021-2022.mp4\">https:\/\/smartcorp.com\/wp-content\/uploads\/2019\/08\/Smart_Software_Explainer_2020-2021-2022.mp4<\/a><\/video><\/div>\n<p>[\/et_pb_text][\/et_pb_column][\/et_pb_row][\/et_pb_section][et_pb_section fb_built=\u201d1\u2033 custom_padding_last_edited=\u201don|desktop\u201d admin_label=\u201dsection\u201d module_id=\u201dcontacto\u201d _builder_version=\u201d3.22\u2033 background_color=\u201d#444444\u2033 custom_padding_tablet=\u201d50px|0|50px|0\u2033 custom_padding_phone=\u201d\u201d transparent_background=\u201doff\u201d padding_mobile=\u201doff\u201d make_fullwidth=\u201doff\u201d use_custom_width=\u201doff\u201d width_unit=\u201don\u201d bloqueado=\u201doff\u201d][et_pb_row admin_label= \u201drow\u201d _builder_version=\u201d4.5.1\u2033 background_size=\u201dinitial\u201d background_position=\u201dtop_left\u201d background_repeat=\u201drepeat\u201d custom_margin=\u201d0px||0px||false|false\u201d custom_padding=\u201d0px||0px||false|false \u201d][et_pb_column type=\u201d4_4\u2033 _builder_version=\u201d3.0.47\u2033 custom_padding=\u201d|||\u201d custom_padding__hover=\u201d|||\u201d][et_pb_text _builder_version=\u201d4.5.1\u2033 background_size=\u201dinitial\u201d background_position=\u201dtop_left\u201d background_repeat=\u201drepeat\u201d text_orientation=\u201dcenter\u201d background_layout=\u201ddark\u201d module_alignment=\u201dcenter\u201d custom_margin=\u201d 0px||0px||falso|falso\u201d custom_padding=\u201d0px||0px||falso|falso\u201d use_border_color=\u201doff\u201d]<\/p>\n<h5 class=\"as-h1s\">Cont\u00e1ctanos hoy para m\u00e1s informaci\u00f3n<\/h5>\n<p>Si solicita una demostraci\u00f3n, y uno de nuestros especialistas le mostrar\u00e1 c\u00f3mo Smart puede ayudarlo \u00a1utilizando sus propios datos de inventario!<\/p>\n<p>[\/et_pb_text][et_pb_text admin_label=\u201dDiv de formulario de demostraci\u00f3n horizontal\u201d _builder_version=\u201d4.5.3\u2033 background_size=\u201dinitial\u201d background_position=\u201dtop_left\u201d background_repeat=\u201drepeat\u201d background_layout=\u201ddark\u201d hover_enabled=\u201d0\u2033 use_border_color=\u201doff \u201d border_color=\u201d#ffffff\u201d border_style=\u201dsolid\u201d global_module=\u201d117\u2033 Saved_tabs=\u201dall\u201d content__hover_enabled=\u201don|desktop\u201d]<\/p>\n\n<div class=\"wpcf7 no-js\" id=\"wpcf7-f133-o1\" lang=\"en-US\" dir=\"ltr\" data-wpcf7-id=\"133\">\n<div class=\"screen-reader-response\"><p role=\"status\" aria-live=\"polite\" aria-atomic=\"true\"><\/p> <ul><\/ul><\/div>\n<form action=\"\/es\/wp-json\/wp\/v2\/pages\/2333#wpcf7-f133-o1\" method=\"post\" class=\"wpcf7-form init\" aria-label=\"Formulario de contacto\" novalidate=\"novalidate\" data-status=\"init\" data-trp-original-action=\"\/es\/wp-json\/wp\/v2\/pages\/2333#wpcf7-f133-o1\">\n<fieldset class=\"hidden-fields-container\"><input type=\"hidden\" name=\"_wpcf7\" value=\"133\" \/><input type=\"hidden\" name=\"_wpcf7_version\" value=\"6.1.5\" \/><input type=\"hidden\" name=\"_wpcf7_locale\" value=\"en_US\" \/><input type=\"hidden\" name=\"_wpcf7_unit_tag\" value=\"wpcf7-f133-o1\" \/><input type=\"hidden\" name=\"_wpcf7_container_post\" value=\"0\" \/><input type=\"hidden\" name=\"_wpcf7_posted_data_hash\" value=\"\" \/><input type=\"hidden\" name=\"_wpcf7_recaptcha_response\" value=\"\" \/>\n<\/fieldset>\n<div class=\"smartdemoform\">\n\t<p><br \/>\nNombre *\n\t<\/p>\n\t<p><span class=\"wpcf7-form-control-wrap\" data-name=\"your-name\"><input size=\"40\" maxlength=\"400\" class=\"wpcf7-form-control wpcf7-text wpcf7-validates-as-required\" aria-required=\"true\" aria-invalid=\"false\" value=\"\" type=\"text\" name=\"your-name\" \/><\/span>\n\t<\/p>\n<\/div>\n<div class=\"smartdemoform\">\n\t<p><br \/>\nT\u00edtulo profesional *\n\t<\/p>\n\t<p><span class=\"wpcf7-form-control-wrap\" data-name=\"title\"><input size=\"40\" maxlength=\"400\" class=\"wpcf7-form-control wpcf7-text wpcf7-validates-as-required\" aria-required=\"true\" aria-invalid=\"false\" value=\"\" type=\"text\" name=\"title\" \/><\/span>\n\t<\/p>\n<\/div>\n<div class=\"smartdemoform\">\n\t<p><br \/>\nCompa\u00f1\u00eda *\n\t<\/p>\n\t<p><span class=\"wpcf7-form-control-wrap\" data-name=\"company\"><input size=\"40\" maxlength=\"400\" class=\"wpcf7-form-control wpcf7-text wpcf7-validates-as-required\" aria-required=\"true\" aria-invalid=\"false\" value=\"\" type=\"text\" name=\"company\" \/><\/span>\n\t<\/p>\n<\/div>\n<div class=\"smartdemoform\">\n\t<p><br \/>\nCorreo electr\u00f3nico laboral*\n\t<\/p>\n\t<p><span class=\"wpcf7-form-control-wrap\" data-name=\"your-email\"><input size=\"40\" maxlength=\"400\" class=\"wpcf7-form-control wpcf7-email wpcf7-validates-as-required wpcf7-text wpcf7-validates-as-email\" aria-required=\"true\" aria-invalid=\"false\" value=\"\" type=\"email\" name=\"your-email\" \/><\/span>\n\t<\/p>\n<\/div>\n<div class=\"smartdemoform\">\n\t<p><br \/>\nTel\u00e9fono *\n\t<\/p>\n\t<p><span class=\"wpcf7-form-control-wrap\" data-name=\"tel-295\"><input size=\"40\" maxlength=\"400\" class=\"wpcf7-form-control wpcf7-tel wpcf7-validates-as-required wpcf7-text wpcf7-validates-as-tel\" aria-required=\"true\" aria-invalid=\"false\" value=\"\" type=\"tel\" name=\"tel-295\" \/><\/span>\n\t<\/p>\n<\/div>\n<div class=\"smartdemoform\">\n\t<p><br \/>\n<span class=\"wpcf7-form-control-wrap\" data-name=\"moreinfo\"><span class=\"wpcf7-form-control wpcf7-checkbox\"><span class=\"wpcf7-list-item first last\"><input type=\"checkbox\" name=\"moreinfo[]\" value=\"Send me more information\" checked=\"checked\" \/><span class=\"wpcf7-list-item-label\">Env\u00edame m\u00e1s informaci\u00f3n<\/span><\/span><\/span><\/span><br \/>\n<span class=\"wpcf7-form-control-wrap\" data-name=\"demoreq\"><span class=\"wpcf7-form-control wpcf7-checkbox\"><span class=\"wpcf7-list-item first last\"><input type=\"checkbox\" name=\"demoreq[]\" value=\"Schedule my free demo\" \/><span class=\"wpcf7-list-item-label\">Programar mi demostraci\u00f3n gratuita<\/span><\/span><\/span><\/span>\n\t<\/p>\n<\/div>\n<div class=\"smartdemoform\" style=\"height:1px;\">\n\t<p>&nbsp;\n\t<\/p>\n<\/div>\n<div class=\"smartdemoform\">\n\t<p style=\"text-align: center;\"><br \/>\n<input class=\"wpcf7-form-control wpcf7-submit has-spinner\" type=\"submit\" value=\"Enviar\" \/>\n\t<\/p>\n<\/div>\n<div class=\"smartdemoform\">\n<div class=\"wpcf7-response-output\" aria-hidden=\"true\"><\/div>\n<\/div>\n<div style=\"clear: both;\">\n<\/div>\n<p><script>\ndocument.addEventListener( 'wpcf7mailsent', function( event ) {\n location = 'https:\/\/smartcorp.com\/thank_you_business\/';\n}, false );\n<\/script>\n<\/p><p style=\"display: none !important;\" class=\"akismet-fields-container\" data-prefix=\"_wpcf7_ak_\"><label>&#916;<textarea name=\"_wpcf7_ak_hp_textarea\" cols=\"45\" rows=\"8\" maxlength=\"100\"><\/textarea><\/label><input type=\"hidden\" id=\"ak_js_1\" name=\"_wpcf7_ak_js\" value=\"151\"\/><script>document.getElementById( \"ak_js_1\" ).setAttribute( \"value\", ( new Date() ).getTime() );<\/script><\/p>\n<input type=\"hidden\" name=\"trp-form-language\" value=\"es\"\/><\/form>\n<\/div>\n\n<p>[\/et_pb_text][\/et_pb_column][\/et_pb_row][\/et_pb_section]<\/p>","protected":false},"excerpt":{"rendered":"<p>Aprenda a establecer existencias de seguridad \u00f3ptimas, niveles m\u00ednimos, m\u00e1ximos y de punto de pedido que impulsen los pedidos y el reabastecimiento. Mira el video que explica c\u00f3mo.<\/p>","protected":false},"author":34,"featured_media":0,"parent":0,"menu_order":0,"comment_status":"closed","ping_status":"closed","template":"","meta":{"_et_pb_use_builder":"on","_et_pb_old_content":"<p>We are often asked what the difference is between these two important performance metrics. While they are both important for measuring how successful a business is in meeting demand, their meaning is very different. \u00a0If not understood and incorporated into the strategic inventory planning process, inventory will be inefficiently allocated resulting in lower\u00a0customer service and higher carrying costs.\u00a0\u00a0We've illustrated the difference in this 4 minute recording using Microsoft Excel.<\/p><p>[video width=\"1280\" height=\"682\" mp4=\"https:\/\/smartcorp.com\/wp-content\/uploads\/2016\/09\/Service-Level-vs-Fill-Rate.mp4\"][\/video]<\/p><p>Smart Operational Analytics automatically calculate historical service levels & fill rates across any item.\u00a0 Summary reports provide overall and item specific performance with comparisons to historical inventory values.\u00a0\u00a0<\/p><p>\u00a0<\/p>","_et_gb_content_width":"","content-type":"","footnotes":""},"class_list":["post-2333","page","type-page","status-publish","hentry"],"yoast_head":"<!-- This site is optimized with the Yoast SEO plugin v25.6 - https:\/\/yoast.com\/wordpress\/plugins\/seo\/ -->\n<title>Smart Inventory Planning &amp; Optimization Video Explainer<\/title>\n<meta name=\"description\" content=\"Learn how to set optimal safety stocks, Min, Max, and reorder point levels that drive ordering and replenishment. Watch the video that explains how.\" \/>\n<meta name=\"robots\" content=\"index, follow, max-snippet:-1, max-image-preview:large, max-video-preview:-1\" \/>\n<link rel=\"canonical\" href=\"https:\/\/smartcorp.com\/es\/video-explicativo-de-la-pagina-de-aterrizaje\/\" \/>\n<meta property=\"og:locale\" content=\"es_ES\" \/>\n<meta property=\"og:type\" content=\"article\" \/>\n<meta property=\"og:title\" content=\"Smart Inventory Planning &amp; Optimization Video Explainer\" \/>\n<meta property=\"og:description\" content=\"Learn how to set optimal safety stocks, Min, Max, and reorder point levels that drive ordering and replenishment. Watch the video that explains how.\" \/>\n<meta property=\"og:url\" content=\"https:\/\/smartcorp.com\/es\/video-explicativo-de-la-pagina-de-aterrizaje\/\" \/>\n<meta property=\"og:site_name\" content=\"Smart Software\" \/>\n<meta property=\"article:modified_time\" content=\"2020-08-06T14:25:16+00:00\" \/>\n<meta name=\"twitter:card\" content=\"summary_large_image\" \/>\n<meta name=\"twitter:label1\" content=\"Tiempo de lectura\" \/>\n\t<meta name=\"twitter:data1\" content=\"3 minutos\" \/>\n<script type=\"application\/ld+json\" class=\"yoast-schema-graph\">{\"@context\":\"https:\/\/schema.org\",\"@graph\":[{\"@type\":\"WebPage\",\"@id\":\"https:\/\/smartcorp.com\/landing-page-explainer-video\/\",\"url\":\"https:\/\/smartcorp.com\/landing-page-explainer-video\/\",\"name\":\"Smart Inventory Planning & Optimization Video Explainer\",\"isPartOf\":{\"@id\":\"https:\/\/smartcorp.com\/#website\"},\"datePublished\":\"2018-04-06T13:12:57+00:00\",\"dateModified\":\"2020-08-06T14:25:16+00:00\",\"description\":\"Learn how to set optimal safety stocks, Min, Max, and reorder point levels that drive ordering and replenishment. Watch the video that explains how.\",\"breadcrumb\":{\"@id\":\"https:\/\/smartcorp.com\/landing-page-explainer-video\/#breadcrumb\"},\"inLanguage\":\"es\",\"potentialAction\":[{\"@type\":\"ReadAction\",\"target\":[\"https:\/\/smartcorp.com\/landing-page-explainer-video\/\"]}]},{\"@type\":\"BreadcrumbList\",\"@id\":\"https:\/\/smartcorp.com\/landing-page-explainer-video\/#breadcrumb\",\"itemListElement\":[{\"@type\":\"ListItem\",\"position\":1,\"name\":\"Home\",\"item\":\"https:\/\/smartcorp.com\/\"},{\"@type\":\"ListItem\",\"position\":2,\"name\":\"Landing Page Explainer Video\"}]},{\"@type\":\"WebSite\",\"@id\":\"https:\/\/smartcorp.com\/#website\",\"url\":\"https:\/\/smartcorp.com\/\",\"name\":\"Smart Software\",\"description\":\"Inventory planning, demand forecasting and supply chain optimization for Manufacturers Distributors and MRO\",\"publisher\":{\"@id\":\"https:\/\/smartcorp.com\/#organization\"},\"potentialAction\":[{\"@type\":\"SearchAction\",\"target\":{\"@type\":\"EntryPoint\",\"urlTemplate\":\"https:\/\/smartcorp.com\/?s={search_term_string}\"},\"query-input\":{\"@type\":\"PropertyValueSpecification\",\"valueRequired\":true,\"valueName\":\"search_term_string\"}}],\"inLanguage\":\"es\"},{\"@type\":\"Organization\",\"@id\":\"https:\/\/smartcorp.com\/#organization\",\"name\":\"Smart Software Inc.\",\"url\":\"https:\/\/smartcorp.com\/\",\"logo\":{\"@type\":\"ImageObject\",\"inLanguage\":\"es\",\"@id\":\"https:\/\/smartcorp.com\/#\/schema\/logo\/image\/\",\"url\":\"https:\/\/smartcorp.com\/wp-content\/uploads\/2022\/07\/GEN2-LOGO-SMART-without-background.png\",\"contentUrl\":\"https:\/\/smartcorp.com\/wp-content\/uploads\/2022\/07\/GEN2-LOGO-SMART-without-background.png\",\"width\":1500,\"height\":470,\"caption\":\"Smart Software Inc.\"},\"image\":{\"@id\":\"https:\/\/smartcorp.com\/#\/schema\/logo\/image\/\"}}]}<\/script>\n<!-- \/ Yoast SEO plugin. -->","yoast_head_json":{"title":"V\u00eddeo explicativo de planificaci\u00f3n y optimizaci\u00f3n de inventario inteligente","description":"Aprenda a establecer existencias de seguridad \u00f3ptimas, niveles m\u00ednimos, m\u00e1ximos y de punto de pedido que impulsen los pedidos y el reabastecimiento. Mira el video que explica c\u00f3mo.","robots":{"index":"index","follow":"follow","max-snippet":"max-snippet:-1","max-image-preview":"max-image-preview:large","max-video-preview":"max-video-preview:-1"},"canonical":"https:\/\/smartcorp.com\/es\/video-explicativo-de-la-pagina-de-aterrizaje\/","og_locale":"es_ES","og_type":"article","og_title":"Smart Inventory Planning & Optimization Video Explainer","og_description":"Learn how to set optimal safety stocks, Min, Max, and reorder point levels that drive ordering and replenishment. Watch the video that explains how.","og_url":"https:\/\/smartcorp.com\/es\/video-explicativo-de-la-pagina-de-aterrizaje\/","og_site_name":"Smart Software","article_modified_time":"2020-08-06T14:25:16+00:00","twitter_card":"summary_large_image","twitter_misc":{"Tiempo de lectura":"3 minutos"},"schema":{"@context":"https:\/\/schema.org","@graph":[{"@type":"WebPage","@id":"https:\/\/smartcorp.com\/landing-page-explainer-video\/","url":"https:\/\/smartcorp.com\/landing-page-explainer-video\/","name":"V\u00eddeo explicativo de planificaci\u00f3n y optimizaci\u00f3n de inventario inteligente","isPartOf":{"@id":"https:\/\/smartcorp.com\/#website"},"datePublished":"2018-04-06T13:12:57+00:00","dateModified":"2020-08-06T14:25:16+00:00","description":"Aprenda a establecer existencias de seguridad \u00f3ptimas, niveles m\u00ednimos, m\u00e1ximos y de punto de pedido que impulsen los pedidos y el reabastecimiento. Mira el video que explica c\u00f3mo.","breadcrumb":{"@id":"https:\/\/smartcorp.com\/landing-page-explainer-video\/#breadcrumb"},"inLanguage":"es","potentialAction":[{"@type":"ReadAction","target":["https:\/\/smartcorp.com\/landing-page-explainer-video\/"]}]},{"@type":"BreadcrumbList","@id":"https:\/\/smartcorp.com\/landing-page-explainer-video\/#breadcrumb","itemListElement":[{"@type":"ListItem","position":1,"name":"Home","item":"https:\/\/smartcorp.com\/"},{"@type":"ListItem","position":2,"name":"Landing Page Explainer Video"}]},{"@type":"WebSite","@id":"https:\/\/smartcorp.com\/#website","url":"https:\/\/smartcorp.com\/","name":"En la planificaci\u00f3n de la demanda y el inventario","description":"Planificaci\u00f3n de inventario, previsi\u00f3n de demanda y optimizaci\u00f3n de la cadena de suministro para fabricantes, distribuidores y MRO","publisher":{"@id":"https:\/\/smartcorp.com\/#organization"},"potentialAction":[{"@type":"SearchAction","target":{"@type":"EntryPoint","urlTemplate":"https:\/\/smartcorp.com\/?s={search_term_string}"},"query-input":{"@type":"PropertyValueSpecification","valueRequired":true,"valueName":"search_term_string"}}],"inLanguage":"es"},{"@type":"Organization","@id":"https:\/\/smartcorp.com\/#organization","name":"software inteligente inc.","url":"https:\/\/smartcorp.com\/","logo":{"@type":"ImageObject","inLanguage":"es","@id":"https:\/\/smartcorp.com\/#\/schema\/logo\/image\/","url":"https:\/\/smartcorp.com\/wp-content\/uploads\/2022\/07\/GEN2-LOGO-SMART-without-background.png","contentUrl":"https:\/\/smartcorp.com\/wp-content\/uploads\/2022\/07\/GEN2-LOGO-SMART-without-background.png","width":1500,"height":470,"caption":"Smart Software Inc."},"image":{"@id":"https:\/\/smartcorp.com\/#\/schema\/logo\/image\/"}}]}},"_links":{"self":[{"href":"https:\/\/smartcorp.com\/es\/wp-json\/wp\/v2\/pages\/2333","targetHints":{"allow":["GET"]}}],"collection":[{"href":"https:\/\/smartcorp.com\/es\/wp-json\/wp\/v2\/pages"}],"about":[{"href":"https:\/\/smartcorp.com\/es\/wp-json\/wp\/v2\/types\/page"}],"author":[{"embeddable":true,"href":"https:\/\/smartcorp.com\/es\/wp-json\/wp\/v2\/users\/34"}],"replies":[{"embeddable":true,"href":"https:\/\/smartcorp.com\/es\/wp-json\/wp\/v2\/comments?post=2333"}],"version-history":[{"count":0,"href":"https:\/\/smartcorp.com\/es\/wp-json\/wp\/v2\/pages\/2333\/revisions"}],"wp:attachment":[{"href":"https:\/\/smartcorp.com\/es\/wp-json\/wp\/v2\/media?parent=2333"}],"curies":[{"name":"wp","href":"https:\/\/api.w.org\/{rel}","templated":true}]}}